{"id":9292,"date":"2024-10-31T16:49:44","date_gmt":"2024-10-31T16:49:44","guid":{"rendered":"https:\/\/deltafunding.es\/?page_id=9292"},"modified":"2024-10-31T17:40:32","modified_gmt":"2024-10-31T17:40:32","slug":"accesibiliad","status":"publish","type":"page","link":"https:\/\/deltafunding.es\/en\/accesibiliad\/","title":{"rendered":"Accesibiliad"},"content":{"rendered":"<h3 class=\"wp-block-heading\">Pol\u00edtica de Accesibilidad<\/h3>\n\n\n\n<p>En la construcci\u00f3n de la p\u00e1gina web de\u00a0<a href=\"https:\/\/deltafunding.es\/en\/\">https:\/\/deltafunding.es<\/a> se han adoptado medidas con el objetivo de que el mayor n\u00famero posible de personas puedan llegar a la informaci\u00f3n que se transmite en ella, independientemente de las limitaciones de la persona o de las que se deriven del contexto de uso.<\/p>\n\n\n\n<p>As\u00ed, en la confecci\u00f3n del portal se han tenido en cuenta los siguientes aspectos:<\/p>\n\n\n\n<ul class=\"wp-block-list\">\n<li>Uso de CSS para la presentaci\u00f3n de la informaci\u00f3n.<\/li>\n\n\n\n<li>Etiquetas de marcaje.<\/li>\n\n\n\n<li>Sistemas de navegaci\u00f3n usables, intuitivos y alternativos.<\/li>\n\n\n\n<li>Descripciones alternativas en las im\u00e1genes.<\/li>\n\n\n\n<li>Verificaciones en la visualizaci\u00f3n con diferentes navegadores y dispositivos.<\/li>\n\n\n\n<li>Utilizaci\u00f3n de formatos universales y alternativos.<\/li>\n\n\n\n<li>Los enlaces ofrecen detalles de la funci\u00f3n o destino del hiperv\u00ednculo.<\/li>\n\n\n\n<li>Uso de los est\u00e1ndares del W3C.<\/li>\n\n\n\n<li>Acceso mediante atajos teclado a las principales opciones.<\/li>\n<\/ul>\n\n\n\n<h3 class=\"wp-block-heading\">Cumplimiento de los est\u00e1ndares<\/h3>\n\n\n\n<p>Las p\u00e1ginas de este sitio Web cumplen la marca AA seg\u00fan la Norma UNE 139803:2004 y las Directrices de Accesibilidad para el Contenido Web 1.0 del W3C. Todos los requisitos de Prioridad 1 y Prioridad 2 y un subconjunto de los requisitos de Prioridad 3 han sido comprobados con un an\u00e1lisis manual de la accesibilidad a trav\u00e9s de diferentes herramientas semi-autom\u00e1ticas y agentes de usuario.<\/p>\n\n\n\n<h3 class=\"wp-block-heading\">Atajos de teclado<\/h3>\n\n\n\n<p>En esta Web puede hacer saltos ordenados en el contenido con la tecla Tab.<\/p>\n\n\n\n<h3 class=\"wp-block-heading\">Tama\u00f1o del texto<\/h3>\n\n\n\n<p>El dise\u00f1o accesible permite que el usuario pueda ajustar las fuentes al tama\u00f1o que le convenga. Esta acci\u00f3n puede llevarse a cabo de diferentes maneras seg\u00fan el navegador web que se utilice. A continuaci\u00f3n se indica la acci\u00f3n de men\u00fa donde se encuentra esta funcionalidad en los navegadores m\u00e1s frecuentes:<\/p>\n\n\n\n<ul class=\"wp-block-list\">\n<li>Mozilla Firefox: Ver > Tama\u00f1o de texto > Incrementar Internet<\/li>\n\n\n\n<li>Internet Explorer: Ver > Tama\u00f1o de texto > M\u00e1s grande<\/li>\n\n\n\n<li>Opera: View > Zoom > %<\/li>\n\n\n\n<li>Safari: View > Make text bigger<\/li>\n\n\n\n<li>Google Chrome: Herramientas > Zoom<\/li>\n<\/ul>\n\n\n\n<h3 class=\"wp-block-heading\">Configuraci\u00f3n t\u00e9cnica<\/h3>\n\n\n\n<p>Las p\u00e1ginas web est\u00e1n creadas con el CMS WordPress 6.1.1.<\/p>\n\n\n\n<h3 class=\"wp-block-heading\">Informaci\u00f3n \u00fatil sobre la accesibilidad<\/h3>\n\n\n\n<p>Seguidamente se exponen una serie de enlaces organizados en diferentes categor\u00edas \u00fatiles para obtener m\u00e1s informaci\u00f3n sobre la accesibilidad.<\/p>\n\n\n\n<h4 class=\"wp-block-heading\">Accesibilidad normas y documentos t\u00e9cnicos:<\/h4>\n\n\n\n<p><a href=\"http:\/\/www.w3c.org\/\" target=\"_blank\" rel=\"noreferrer noopener\">http:\/\/www.w3c.org\/<\/a><br>Consorcio World Wide Web, grupo de trabajo de \u00e1mbito internacional que dicta l\u00edneas generales relacionadas con la web.<\/p>\n\n\n\n<p><a href=\"http:\/\/www.w3c.org\/wai\/\" target=\"_blank\" rel=\"noreferrer noopener\">http:\/\/www.w3c.org\/wai\/<\/a><br>Iniciativa de Accesibilidad Web del W3C.<\/p>","protected":false},"excerpt":{"rendered":"<p>Pol\u00edtica de Accesibilidad En la construcci\u00f3n de la p\u00e1gina web de\u00a0https:\/\/deltafunding.es se han adoptado medidas con el objetivo de que el mayor n\u00famero posible de personas puedan llegar a la informaci\u00f3n que se transmite en ella, independientemente de las limitaciones de la persona o de las que se deriven del contexto de uso. As\u00ed, en [&hellip;]<\/p>\n","protected":false},"author":1,"featured_media":0,"parent":0,"menu_order":0,"comment_status":"closed","ping_status":"closed","template":"","meta":{"footnotes":""},"class_list":["post-9292","page","type-page","status-publish","hentry"],"yoast_head":"<!-- This site is optimized with the Yoast SEO plugin v27.3 - https:\/\/yoast.com\/product\/yoast-seo-wordpress\/ -->\n<title>Accesibiliad - deltafunding<\/title>\n<meta name=\"robots\" content=\"index, follow, max-snippet:-1, max-image-preview:large, max-video-preview:-1\" \/>\n<link rel=\"canonical\" href=\"https:\/\/deltafunding.es\/en\/accesibiliad\/\" \/>\n<meta property=\"og:locale\" content=\"en_US\" \/>\n<meta property=\"og:type\" content=\"article\" \/>\n<meta property=\"og:title\" content=\"Accesibiliad - deltafunding\" \/>\n<meta property=\"og:description\" content=\"Pol\u00edtica de Accesibilidad En la construcci\u00f3n de la p\u00e1gina web de\u00a0https:\/\/deltafunding.es se han adoptado medidas con el objetivo de que el mayor n\u00famero posible de personas puedan llegar a la informaci\u00f3n que se transmite en ella, independientemente de las limitaciones de la persona o de las que se deriven del contexto de uso. As\u00ed, en [&hellip;]\" \/>\n<meta property=\"og:url\" content=\"https:\/\/deltafunding.es\/en\/accesibiliad\/\" \/>\n<meta property=\"og:site_name\" content=\"deltafunding\" \/>\n<meta property=\"article:modified_time\" content=\"2024-10-31T17:40:32+00:00\" \/>\n<meta name=\"twitter:card\" content=\"summary_large_image\" \/>\n<meta name=\"twitter:label1\" content=\"Est. reading time\" \/>\n\t<meta name=\"twitter:data1\" content=\"2 minutes\" \/>\n<script type=\"application\/ld+json\" class=\"yoast-schema-graph\">{\"@context\":\"https:\\\/\\\/schema.org\",\"@graph\":[{\"@type\":\"WebPage\",\"@id\":\"https:\\\/\\\/deltafunding.es\\\/accesibiliad\\\/\",\"url\":\"https:\\\/\\\/deltafunding.es\\\/accesibiliad\\\/\",\"name\":\"Accesibiliad - deltafunding\",\"isPartOf\":{\"@id\":\"https:\\\/\\\/deltafunding.es\\\/#website\"},\"datePublished\":\"2024-10-31T16:49:44+00:00\",\"dateModified\":\"2024-10-31T17:40:32+00:00\",\"breadcrumb\":{\"@id\":\"https:\\\/\\\/deltafunding.es\\\/accesibiliad\\\/#breadcrumb\"},\"inLanguage\":\"en-US\",\"potentialAction\":[{\"@type\":\"ReadAction\",\"target\":[\"https:\\\/\\\/deltafunding.es\\\/accesibiliad\\\/\"]}]},{\"@type\":\"BreadcrumbList\",\"@id\":\"https:\\\/\\\/deltafunding.es\\\/accesibiliad\\\/#breadcrumb\",\"itemListElement\":[{\"@type\":\"ListItem\",\"position\":1,\"name\":\"Portada\",\"item\":\"https:\\\/\\\/deltafunding.es\\\/\"},{\"@type\":\"ListItem\",\"position\":2,\"name\":\"Accesibiliad\"}]},{\"@type\":\"WebSite\",\"@id\":\"https:\\\/\\\/deltafunding.es\\\/#website\",\"url\":\"https:\\\/\\\/deltafunding.es\\\/\",\"name\":\"deltafunding\",\"description\":\"\",\"publisher\":{\"@id\":\"https:\\\/\\\/deltafunding.es\\\/#organization\"},\"potentialAction\":[{\"@type\":\"SearchAction\",\"target\":{\"@type\":\"EntryPoint\",\"urlTemplate\":\"https:\\\/\\\/deltafunding.es\\\/?s={search_term_string}\"},\"query-input\":{\"@type\":\"PropertyValueSpecification\",\"valueRequired\":true,\"valueName\":\"search_term_string\"}}],\"inLanguage\":\"en-US\"},{\"@type\":\"Organization\",\"@id\":\"https:\\\/\\\/deltafunding.es\\\/#organization\",\"name\":\"deltafunding\",\"url\":\"https:\\\/\\\/deltafunding.es\\\/\",\"logo\":{\"@type\":\"ImageObject\",\"inLanguage\":\"en-US\",\"@id\":\"https:\\\/\\\/deltafunding.es\\\/#\\\/schema\\\/logo\\\/image\\\/\",\"url\":\"https:\\\/\\\/deltafunding.es\\\/wp-content\\\/uploads\\\/2024\\\/10\\\/logo2-e1730310321623.png\",\"contentUrl\":\"https:\\\/\\\/deltafunding.es\\\/wp-content\\\/uploads\\\/2024\\\/10\\\/logo2-e1730310321623.png\",\"width\":2099,\"height\":1495,\"caption\":\"deltafunding\"},\"image\":{\"@id\":\"https:\\\/\\\/deltafunding.es\\\/#\\\/schema\\\/logo\\\/image\\\/\"}}]}<\/script>\n<!-- \/ Yoast SEO plugin. -->","yoast_head_json":{"title":"Accesibiliad - deltafunding","robots":{"index":"index","follow":"follow","max-snippet":"max-snippet:-1","max-image-preview":"max-image-preview:large","max-video-preview":"max-video-preview:-1"},"canonical":"https:\/\/deltafunding.es\/en\/accesibiliad\/","og_locale":"en_US","og_type":"article","og_title":"Accesibiliad - deltafunding","og_description":"Pol\u00edtica de Accesibilidad En la construcci\u00f3n de la p\u00e1gina web de\u00a0https:\/\/deltafunding.es se han adoptado medidas con el objetivo de que el mayor n\u00famero posible de personas puedan llegar a la informaci\u00f3n que se transmite en ella, independientemente de las limitaciones de la persona o de las que se deriven del contexto de uso. As\u00ed, en [&hellip;]","og_url":"https:\/\/deltafunding.es\/en\/accesibiliad\/","og_site_name":"deltafunding","article_modified_time":"2024-10-31T17:40:32+00:00","twitter_card":"summary_large_image","twitter_misc":{"Est. reading time":"2 minutes"},"schema":{"@context":"https:\/\/schema.org","@graph":[{"@type":"WebPage","@id":"https:\/\/deltafunding.es\/accesibiliad\/","url":"https:\/\/deltafunding.es\/accesibiliad\/","name":"Accesibiliad - deltafunding","isPartOf":{"@id":"https:\/\/deltafunding.es\/#website"},"datePublished":"2024-10-31T16:49:44+00:00","dateModified":"2024-10-31T17:40:32+00:00","breadcrumb":{"@id":"https:\/\/deltafunding.es\/accesibiliad\/#breadcrumb"},"inLanguage":"en-US","potentialAction":[{"@type":"ReadAction","target":["https:\/\/deltafunding.es\/accesibiliad\/"]}]},{"@type":"BreadcrumbList","@id":"https:\/\/deltafunding.es\/accesibiliad\/#breadcrumb","itemListElement":[{"@type":"ListItem","position":1,"name":"Portada","item":"https:\/\/deltafunding.es\/"},{"@type":"ListItem","position":2,"name":"Accesibiliad"}]},{"@type":"WebSite","@id":"https:\/\/deltafunding.es\/#website","url":"https:\/\/deltafunding.es\/","name":"deltafunding","description":"","publisher":{"@id":"https:\/\/deltafunding.es\/#organization"},"potentialAction":[{"@type":"SearchAction","target":{"@type":"EntryPoint","urlTemplate":"https:\/\/deltafunding.es\/?s={search_term_string}"},"query-input":{"@type":"PropertyValueSpecification","valueRequired":true,"valueName":"search_term_string"}}],"inLanguage":"en-US"},{"@type":"Organization","@id":"https:\/\/deltafunding.es\/#organization","name":"deltafunding","url":"https:\/\/deltafunding.es\/","logo":{"@type":"ImageObject","inLanguage":"en-US","@id":"https:\/\/deltafunding.es\/#\/schema\/logo\/image\/","url":"https:\/\/deltafunding.es\/wp-content\/uploads\/2024\/10\/logo2-e1730310321623.png","contentUrl":"https:\/\/deltafunding.es\/wp-content\/uploads\/2024\/10\/logo2-e1730310321623.png","width":2099,"height":1495,"caption":"deltafunding"},"image":{"@id":"https:\/\/deltafunding.es\/#\/schema\/logo\/image\/"}}]}},"_links":{"self":[{"href":"https:\/\/deltafunding.es\/en\/wp-json\/wp\/v2\/pages\/9292","targetHints":{"allow":["GET"]}}],"collection":[{"href":"https:\/\/deltafunding.es\/en\/wp-json\/wp\/v2\/pages"}],"about":[{"href":"https:\/\/deltafunding.es\/en\/wp-json\/wp\/v2\/types\/page"}],"author":[{"embeddable":true,"href":"https:\/\/deltafunding.es\/en\/wp-json\/wp\/v2\/users\/1"}],"replies":[{"embeddable":true,"href":"https:\/\/deltafunding.es\/en\/wp-json\/wp\/v2\/comments?post=9292"}],"version-history":[{"count":2,"href":"https:\/\/deltafunding.es\/en\/wp-json\/wp\/v2\/pages\/9292\/revisions"}],"predecessor-version":[{"id":9332,"href":"https:\/\/deltafunding.es\/en\/wp-json\/wp\/v2\/pages\/9292\/revisions\/9332"}],"wp:attachment":[{"href":"https:\/\/deltafunding.es\/en\/wp-json\/wp\/v2\/media?parent=9292"}],"curies":[{"name":"wp","href":"https:\/\/api.w.org\/{rel}","templated":true}]}}