{"id":9290,"date":"2024-10-31T16:49:44","date_gmt":"2024-10-31T16:49:44","guid":{"rendered":"https:\/\/deltafunding.es\/?page_id=9290"},"modified":"2024-10-31T17:37:20","modified_gmt":"2024-10-31T17:37:20","slug":"politica-de-privacidad","status":"publish","type":"page","link":"https:\/\/deltafunding.es\/en\/politica-de-privacidad\/","title":{"rendered":"Pol\u00edtica de Privacidad"},"content":{"rendered":"<h3 class=\"wp-block-heading\"><em>Esta pol\u00edtica de privacidad fu\u00e9 actualizada por ultima vez en diciembre 30, 2022 y es aplicada a los ciudadanos del Espacio Econ\u00f3mico Europeo (UE).<\/em><\/h3>\n\n\n\n<p>En esta declaraci\u00f3n de privacidad, explicamos lo que hacemos con los datos que obtenemos sobre usted a trav\u00e9s de <a href=\"https:\/\/deltafunding.es\/en\/\">https:\/\/deltafunding.es<\/a>. Le recomendamos que lea atentamente esta declaraci\u00f3n. En nuestro procesamiento cumplimos con los requisitos de la legislaci\u00f3n de privacidad. Lo que significa, entre otras cosas, que:<\/p>\n\n\n\n<ul class=\"wp-block-list\">\n<li>indicamos claramente los fines para los que procesamos los datos personales. Hacemos esto por medio de esta declaraci\u00f3n de privacidad.<\/li>\n\n\n\n<li>nuestro objetivo es limitar nuestra recopilaci\u00f3n de datos personales a los datos personales necesarios para fines leg\u00edtimos.<\/li>\n\n\n\n<li>en primer lugar, solicitamos su consentimiento expl\u00edcito para el tratamiento de sus datos personales en los casos en que sea necesario.<\/li>\n\n\n\n<li>tomamos las medidas de seguridad adecuadas para proteger sus datos personales y tambi\u00e9n se lo exigimos a las partes que procesan datos personales en nuestro nombre;<\/li>\n\n\n\n<li>respetamos su derecho a acceder, rectificar o cancelar sus datos personales previa solicitud.<\/li>\n<\/ul>\n\n\n\n<p>Si tiene alguna pregunta o desea saber exactamente qu\u00e9 datos sobre usted guardamos, p\u00f3ngase en contacto con nosotros.<\/p>\n\n\n\n<h2 class=\"wp-block-heading\">1. Prop\u00f3sito, datos y periodo de retenci\u00f3n<\/h2>\n\n\n\n<p>1.1 Contacto \u2013 Por tel\u00e9fono, correo, correo electr\u00f3nico y\/o formularios en el sitio. Retendremos los datos hasta que el servicio sea cancelado.<\/p>\n\n\n\n<p>1.2 Para poder cumplir con las obligaciones legales. Retendremos los datos hasta que el servicio sea cancelado.<\/p>\n\n\n\n<p>1.3 Recopilaci\u00f3n y an\u00e1lisis de estad\u00edsticas para la mejora del sitio web. Retendremos los datos hasta que el servicio sea cancelado.<\/p>\n\n\n\n<h2 class=\"wp-block-heading\">2. Compartir con otras partes<\/h2>\n\n\n\n<p>S\u00f3lo compartimos o divulgamos estos datos a los procesadores para los siguientes prop\u00f3sitos:<\/p>\n\n\n\n<p>Procesadores de datos.<\/p>\n\n\n\n<p><strong>Nombre:<\/strong>&nbsp;Xpandex<br><strong>Pa\u00eds:<\/strong>&nbsp;Espa\u00f1a<br><strong>Prop\u00f3sito:<\/strong>&nbsp;Desarrollo y mantenimiento Web<\/p>\n\n\n\n<h2 class=\"wp-block-heading\">3. Cookies<\/h2>\n\n\n\n<p>Nuestro sitio web utiliza cookies. Para m\u00e1s informaci\u00f3n acerca de las cookies, por favor refi\u00e9rase a nuestra Declaraci\u00f3n de Pol\u00edtica de Cookies.Tenemos un acuerdo de procesamiento de datos con Google.<\/p>\n\n\n\n<h2 class=\"wp-block-heading\">4. Seguridad<\/h2>\n\n\n\n<p>Estamos comprometidos con la seguridad de los datos personales. Tomamos las medidas de seguridad adecuadas para limitar el abuso y el acceso no autorizado a los datos personales. Esto asegura que s\u00f3lo las personas necesarias tengan acceso a sus datos, que el acceso a los datos est\u00e9 protegido y que nuestras medidas de seguridad sean revisadas regularmente.<\/p>\n\n\n\n<h2 class=\"wp-block-heading\">5. Sitios web de terceros<\/h2>\n\n\n\n<p>Esta declaraci\u00f3n de privacidad no se aplica a los sitios web de terceros conectados mediante enlaces en nuestro sitio web. No podemos garantizar que estas terceras partes manejen sus datos personales de forma fiable o segura. Le recomendamos que lea las declaraciones de privacidad de estos sitios web antes de utilizarlos.<\/p>\n\n\n\n<h2 class=\"wp-block-heading\">6. Privacidad y referencia a la declaraci\u00f3n de privacidad<\/h2>\n\n\n\n<p>Nos reservamos el derecho de hacer enmiendas a esta declaraci\u00f3n de privacidad. Se recomienda que consulte esta declaraci\u00f3n de privacidad regularmente para estar al tanto de cualquier cambio. Adem\u00e1s, le informaremos activamente siempre que sea posible.<\/p>\n\n\n\n<h2 class=\"wp-block-heading\">7. Acceso y modificaci\u00f3n de sus datos<\/h2>\n\n\n\n<p>Si tiene alguna pregunta o desea saber qu\u00e9 datos personales tenemos sobre usted, p\u00f3ngase en contacto con nosotros. Puede ponerse en contacto con nosotros utilizando la siguiente informaci\u00f3n. Usted tiene los siguientes derechos:<\/p>\n\n\n\n<ul class=\"wp-block-list\">\n<li>Usted tiene derecho a saber por qu\u00e9 se necesitan sus datos personales, qu\u00e9 suceder\u00e1 con ellos y durante cu\u00e1nto tiempo se conservar\u00e1n.<\/li>\n\n\n\n<li>Derecho de acceso: Tiene derecho a acceder a los datos personales que conocemos sobre usted.<\/li>\n\n\n\n<li>Derecho de rectificaci\u00f3n: tiene derecho a completar, rectificar, borrar o bloquear sus datos personales cuando lo desee.<\/li>\n\n\n\n<li>Si usted nos da su consentimiento para procesar sus datos, tiene derecho a revocar dicho consentimiento y a que se eliminen sus datos personales.<\/li>\n\n\n\n<li>Derecho de cesi\u00f3n de sus datos: tiene derecho a solicitar todos sus datos personales al controlador y a transferirlos \u00edntegramente a otro controlador.<\/li>\n\n\n\n<li>Derecho de oposici\u00f3n: usted puede oponerse al tratamiento de sus datos. Nosotros cumplimos con esto, a menos que existan motivos justificados para el procesamiento.<\/li>\n<\/ul>\n\n\n\n<p>Por favor, aseg\u00farese de indicar siempre claramente qui\u00e9n es usted, para que podamos estar seguros de que no modificamos o eliminamos ning\u00fan dato de la persona equivocada.<\/p>\n\n\n\n<h2 class=\"wp-block-heading\">8. Enviando una queja<\/h2>\n\n\n\n<p>Si no est\u00e1 satisfecho con la forma en que tratamos o procesamos sus datos personales, tiene derecho a presentar una queja a la Autoridad de Protecci\u00f3n de Datos.<\/p>\n\n\n\n<h2 class=\"wp-block-heading\">9. Responsable de la protecci\u00f3n de datos<\/h2>\n\n\n\n<p>Nuestro Responsable de la Protecci\u00f3n de Datos ha sido registrado ante la autoridad de protecci\u00f3n de datos de un Estado miembro de la UE. Si tiene alguna pregunta o solicitud con respecto a esta declaraci\u00f3n de privacidad o para el Responsable de la Protecci\u00f3n de Datos, puede ponerse en contacto con ALBERTO NOVILLO GARC\u00cdA, a trav\u00e9s de o novilloalberto@gmail.com.<\/p>\n\n\n\n<h2 class=\"wp-block-heading\">10. Detalles de contacto<\/h2>\n\n\n\n<p>ALBERTO NOVILLO GARC\u00cdA<br>Calle Moreras num 31 3A, 28222, Majadahonda, Madrid<br>Sitio web:\u00a0<a href=\"https:\/\/deltafunding.es\/en\/\">https:\/\/deltafunding.es<\/a><br>Email: novilloalberto@gmail.com.<br>N\u00famero de tel\u00e9fono:+34608585899<\/p>","protected":false},"excerpt":{"rendered":"<p>Esta pol\u00edtica de privacidad fu\u00e9 actualizada por ultima vez en diciembre 30, 2022 y es aplicada a los ciudadanos del Espacio Econ\u00f3mico Europeo (UE). En esta declaraci\u00f3n de privacidad, explicamos lo que hacemos con los datos que obtenemos sobre usted a trav\u00e9s de https:\/\/deltafunding.es. Le recomendamos que lea atentamente esta declaraci\u00f3n. En nuestro procesamiento cumplimos [&hellip;]<\/p>\n","protected":false},"author":1,"featured_media":0,"parent":0,"menu_order":0,"comment_status":"closed","ping_status":"closed","template":"","meta":{"footnotes":""},"class_list":["post-9290","page","type-page","status-publish","hentry"],"yoast_head":"<!-- This site is optimized with the Yoast SEO plugin v27.3 - https:\/\/yoast.com\/product\/yoast-seo-wordpress\/ -->\n<title>Pol\u00edtica de Privacidad - deltafunding<\/title>\n<meta name=\"robots\" content=\"index, follow, max-snippet:-1, max-image-preview:large, max-video-preview:-1\" \/>\n<link rel=\"canonical\" href=\"https:\/\/deltafunding.es\/en\/politica-de-privacidad\/\" \/>\n<meta property=\"og:locale\" content=\"en_US\" \/>\n<meta property=\"og:type\" content=\"article\" \/>\n<meta property=\"og:title\" content=\"Pol\u00edtica de Privacidad - deltafunding\" \/>\n<meta property=\"og:description\" content=\"Esta pol\u00edtica de privacidad fu\u00e9 actualizada por ultima vez en diciembre 30, 2022 y es aplicada a los ciudadanos del Espacio Econ\u00f3mico Europeo (UE). En esta declaraci\u00f3n de privacidad, explicamos lo que hacemos con los datos que obtenemos sobre usted a trav\u00e9s de https:\/\/deltafunding.es. Le recomendamos que lea atentamente esta declaraci\u00f3n. En nuestro procesamiento cumplimos [&hellip;]\" \/>\n<meta property=\"og:url\" content=\"https:\/\/deltafunding.es\/en\/politica-de-privacidad\/\" \/>\n<meta property=\"og:site_name\" content=\"deltafunding\" \/>\n<meta property=\"article:modified_time\" content=\"2024-10-31T17:37:20+00:00\" \/>\n<meta name=\"twitter:card\" content=\"summary_large_image\" \/>\n<meta name=\"twitter:label1\" content=\"Est. reading time\" \/>\n\t<meta name=\"twitter:data1\" content=\"4 minutes\" \/>\n<script type=\"application\/ld+json\" class=\"yoast-schema-graph\">{\"@context\":\"https:\\\/\\\/schema.org\",\"@graph\":[{\"@type\":\"WebPage\",\"@id\":\"https:\\\/\\\/deltafunding.es\\\/politica-de-privacidad\\\/\",\"url\":\"https:\\\/\\\/deltafunding.es\\\/politica-de-privacidad\\\/\",\"name\":\"Pol\u00edtica de Privacidad - deltafunding\",\"isPartOf\":{\"@id\":\"https:\\\/\\\/deltafunding.es\\\/#website\"},\"datePublished\":\"2024-10-31T16:49:44+00:00\",\"dateModified\":\"2024-10-31T17:37:20+00:00\",\"breadcrumb\":{\"@id\":\"https:\\\/\\\/deltafunding.es\\\/politica-de-privacidad\\\/#breadcrumb\"},\"inLanguage\":\"en-US\",\"potentialAction\":[{\"@type\":\"ReadAction\",\"target\":[\"https:\\\/\\\/deltafunding.es\\\/politica-de-privacidad\\\/\"]}]},{\"@type\":\"BreadcrumbList\",\"@id\":\"https:\\\/\\\/deltafunding.es\\\/politica-de-privacidad\\\/#breadcrumb\",\"itemListElement\":[{\"@type\":\"ListItem\",\"position\":1,\"name\":\"Portada\",\"item\":\"https:\\\/\\\/deltafunding.es\\\/\"},{\"@type\":\"ListItem\",\"position\":2,\"name\":\"Pol\u00edtica de Privacidad\"}]},{\"@type\":\"WebSite\",\"@id\":\"https:\\\/\\\/deltafunding.es\\\/#website\",\"url\":\"https:\\\/\\\/deltafunding.es\\\/\",\"name\":\"deltafunding\",\"description\":\"\",\"publisher\":{\"@id\":\"https:\\\/\\\/deltafunding.es\\\/#organization\"},\"potentialAction\":[{\"@type\":\"SearchAction\",\"target\":{\"@type\":\"EntryPoint\",\"urlTemplate\":\"https:\\\/\\\/deltafunding.es\\\/?s={search_term_string}\"},\"query-input\":{\"@type\":\"PropertyValueSpecification\",\"valueRequired\":true,\"valueName\":\"search_term_string\"}}],\"inLanguage\":\"en-US\"},{\"@type\":\"Organization\",\"@id\":\"https:\\\/\\\/deltafunding.es\\\/#organization\",\"name\":\"deltafunding\",\"url\":\"https:\\\/\\\/deltafunding.es\\\/\",\"logo\":{\"@type\":\"ImageObject\",\"inLanguage\":\"en-US\",\"@id\":\"https:\\\/\\\/deltafunding.es\\\/#\\\/schema\\\/logo\\\/image\\\/\",\"url\":\"https:\\\/\\\/deltafunding.es\\\/wp-content\\\/uploads\\\/2024\\\/10\\\/logo2-e1730310321623.png\",\"contentUrl\":\"https:\\\/\\\/deltafunding.es\\\/wp-content\\\/uploads\\\/2024\\\/10\\\/logo2-e1730310321623.png\",\"width\":2099,\"height\":1495,\"caption\":\"deltafunding\"},\"image\":{\"@id\":\"https:\\\/\\\/deltafunding.es\\\/#\\\/schema\\\/logo\\\/image\\\/\"}}]}<\/script>\n<!-- \/ Yoast SEO plugin. -->","yoast_head_json":{"title":"Pol\u00edtica de Privacidad - deltafunding","robots":{"index":"index","follow":"follow","max-snippet":"max-snippet:-1","max-image-preview":"max-image-preview:large","max-video-preview":"max-video-preview:-1"},"canonical":"https:\/\/deltafunding.es\/en\/politica-de-privacidad\/","og_locale":"en_US","og_type":"article","og_title":"Pol\u00edtica de Privacidad - deltafunding","og_description":"Esta pol\u00edtica de privacidad fu\u00e9 actualizada por ultima vez en diciembre 30, 2022 y es aplicada a los ciudadanos del Espacio Econ\u00f3mico Europeo (UE). En esta declaraci\u00f3n de privacidad, explicamos lo que hacemos con los datos que obtenemos sobre usted a trav\u00e9s de https:\/\/deltafunding.es. Le recomendamos que lea atentamente esta declaraci\u00f3n. En nuestro procesamiento cumplimos [&hellip;]","og_url":"https:\/\/deltafunding.es\/en\/politica-de-privacidad\/","og_site_name":"deltafunding","article_modified_time":"2024-10-31T17:37:20+00:00","twitter_card":"summary_large_image","twitter_misc":{"Est. reading time":"4 minutes"},"schema":{"@context":"https:\/\/schema.org","@graph":[{"@type":"WebPage","@id":"https:\/\/deltafunding.es\/politica-de-privacidad\/","url":"https:\/\/deltafunding.es\/politica-de-privacidad\/","name":"Pol\u00edtica de Privacidad - deltafunding","isPartOf":{"@id":"https:\/\/deltafunding.es\/#website"},"datePublished":"2024-10-31T16:49:44+00:00","dateModified":"2024-10-31T17:37:20+00:00","breadcrumb":{"@id":"https:\/\/deltafunding.es\/politica-de-privacidad\/#breadcrumb"},"inLanguage":"en-US","potentialAction":[{"@type":"ReadAction","target":["https:\/\/deltafunding.es\/politica-de-privacidad\/"]}]},{"@type":"BreadcrumbList","@id":"https:\/\/deltafunding.es\/politica-de-privacidad\/#breadcrumb","itemListElement":[{"@type":"ListItem","position":1,"name":"Portada","item":"https:\/\/deltafunding.es\/"},{"@type":"ListItem","position":2,"name":"Pol\u00edtica de Privacidad"}]},{"@type":"WebSite","@id":"https:\/\/deltafunding.es\/#website","url":"https:\/\/deltafunding.es\/","name":"deltafunding","description":"","publisher":{"@id":"https:\/\/deltafunding.es\/#organization"},"potentialAction":[{"@type":"SearchAction","target":{"@type":"EntryPoint","urlTemplate":"https:\/\/deltafunding.es\/?s={search_term_string}"},"query-input":{"@type":"PropertyValueSpecification","valueRequired":true,"valueName":"search_term_string"}}],"inLanguage":"en-US"},{"@type":"Organization","@id":"https:\/\/deltafunding.es\/#organization","name":"deltafunding","url":"https:\/\/deltafunding.es\/","logo":{"@type":"ImageObject","inLanguage":"en-US","@id":"https:\/\/deltafunding.es\/#\/schema\/logo\/image\/","url":"https:\/\/deltafunding.es\/wp-content\/uploads\/2024\/10\/logo2-e1730310321623.png","contentUrl":"https:\/\/deltafunding.es\/wp-content\/uploads\/2024\/10\/logo2-e1730310321623.png","width":2099,"height":1495,"caption":"deltafunding"},"image":{"@id":"https:\/\/deltafunding.es\/#\/schema\/logo\/image\/"}}]}},"_links":{"self":[{"href":"https:\/\/deltafunding.es\/en\/wp-json\/wp\/v2\/pages\/9290","targetHints":{"allow":["GET"]}}],"collection":[{"href":"https:\/\/deltafunding.es\/en\/wp-json\/wp\/v2\/pages"}],"about":[{"href":"https:\/\/deltafunding.es\/en\/wp-json\/wp\/v2\/types\/page"}],"author":[{"embeddable":true,"href":"https:\/\/deltafunding.es\/en\/wp-json\/wp\/v2\/users\/1"}],"replies":[{"embeddable":true,"href":"https:\/\/deltafunding.es\/en\/wp-json\/wp\/v2\/comments?post=9290"}],"version-history":[{"count":2,"href":"https:\/\/deltafunding.es\/en\/wp-json\/wp\/v2\/pages\/9290\/revisions"}],"predecessor-version":[{"id":9329,"href":"https:\/\/deltafunding.es\/en\/wp-json\/wp\/v2\/pages\/9290\/revisions\/9329"}],"wp:attachment":[{"href":"https:\/\/deltafunding.es\/en\/wp-json\/wp\/v2\/media?parent=9290"}],"curies":[{"name":"wp","href":"https:\/\/api.w.org\/{rel}","templated":true}]}}