{"id":9288,"date":"2024-10-31T16:49:44","date_gmt":"2024-10-31T16:49:44","guid":{"rendered":"https:\/\/deltafunding.es\/?page_id=9288"},"modified":"2024-10-31T17:34:41","modified_gmt":"2024-10-31T17:34:41","slug":"aviso-legal","status":"publish","type":"page","link":"https:\/\/deltafunding.es\/en\/aviso-legal\/","title":{"rendered":"Aviso Legal"},"content":{"rendered":"<p>ALBERTO NOVILLO GARC\u00cdA se compromete a mantener este sitio web actualizado y preciso. Si, a pesar de todo, encontrara algo incorrecto o desactualizado, le agradecer\u00edamos que nos lo hiciera saber. Por favor, indique en qu\u00e9 parte del sitio web ha le\u00eddo la informaci\u00f3n. Entonces lo examinaremos lo antes posible. Por favor, env\u00ede su duda por correo electr\u00f3nico a: novilloalberto@gmail.com.<\/p>\n\n\n\n<p>No nos hacemos responsables de la p\u00e9rdida como resultado de inexactitudes o incompletitud, ni de la p\u00e9rdida resultante de problemas causados por o inherentes a la difusi\u00f3n de informaci\u00f3n a trav\u00e9s de Internet, tales como disrupciones o interrupciones. Al utilizar formularios web, nos esforzamos por limitar al m\u00ednimo el n\u00famero de campos obligatorios. Por cualquier p\u00e9rdida sufrida como resultado del uso de datos, asesor\u00eda o ideas proporcionados por o en nombre de ALBERTO NOVILLO GARC\u00cdA a trav\u00e9s de este sitio web, ALBERTO NOVILLO GARC\u00cdA no acepta ninguna responsabilidad.<\/p>\n\n\n\n<p>Las respuestas y preguntas sobre privacidad enviadas por correo electr\u00f3nico o a trav\u00e9s de un formulario web ser\u00e1n tratadas de la misma manera que las cartas. Esto significa que puede esperar una respuesta de nosotros en un plazo de 1 mes como m\u00e1ximo. En el caso de solicitudes complejas, le informaremos en el plazo de 1 mes si necesitamos un m\u00e1ximo de 3 meses.<\/p>\n\n\n\n<p>Cualquier dato personal que nos proporcione en el contexto de su respuesta o solicitud de informaci\u00f3n s\u00f3lo se utilizar\u00e1 de acuerdo con nuestra declaraci\u00f3n de privacidad.<\/p>\n\n\n\n<p>ALBERTO NOVILLO GARC\u00cdA debe hacer cada esfuerzo razonable para proteger sis sistemas contra cualquier forma de uso ilegal. ALBERTO NOVILLO GARC\u00cdA aplicar\u00e1n las medidas t\u00e9cnicas y organizativas adecuadas a tal fin, teniendo en cuenta, entre otras cosas, el estado actual de la t\u00e9cnica. No obstante, no se hace responsable de los perjuicios, directos y\/o indirectos, sufridos por el usuario de la p\u00e1gina web, que se deriven de la utilizaci\u00f3n il\u00edcita de sus sistemas por un tercero.<\/p>\n\n\n\n<p>ALBERTO NOVILLO GARC\u00cdA no se hace responsable del contenido de las p\u00e1ginas web a las que se hace referencia mediante hiperv\u00ednculos u otras referencias. Los productos o servicios ofrecidos por terceros estar\u00e1n sujetos a los t\u00e9rminos y condiciones aplicables de dichos terceros.<\/p>\n\n\n\n<p>Nuestros empleados har\u00e1n todo lo posible para garantizar la accesibilidad de nuestra p\u00e1gina web y para mejorarla continuamente. Incluyendo para personas que usan software especial debido a una discapacidad.<\/p>\n\n\n\n<p>Este sitio web est\u00e1 construido de acuerdo con las pautas de nivel AA WCAG 2.1. Estas pautas son acuerdos internacionalmente reconocidos sobre accesibilidad, sostenibilidad, intercambiabilidad y facilidad de b\u00fasqueda de sitios web.<\/p>\n\n\n\n<p>Todos los derechos de propiedad intelectual sobre el contenido de este sitio web pertenecen a terceros que han colocado el contenido ellos mismos o de quienes ALBERTO NOVILLO GARC\u00cdA ha obtenido una licencia de usuario.<\/p>\n\n\n\n<p>La copia, difusi\u00f3n y cualquier otro uso de estos materiales no est\u00e1 permitido sin el permiso escrito de ALBERTO NOVILLO GARC\u00cdA, excepto y s\u00f3lo en la medida en que se estipule lo contrario en los reglamentos de la ley obligatoria (como el derecho a cotizar), a menos que el contenido espec\u00edfico dicte lo contrario.<\/p>\n\n\n\n<p>Si tiene alguna pregunta o problema con la accesibilidad del sitio web, no dude en ponerse en contacto con nosotros.<\/p>","protected":false},"excerpt":{"rendered":"<p>ALBERTO NOVILLO GARC\u00cdA se compromete a mantener este sitio web actualizado y preciso. Si, a pesar de todo, encontrara algo incorrecto o desactualizado, le agradecer\u00edamos que nos lo hiciera saber. Por favor, indique en qu\u00e9 parte del sitio web ha le\u00eddo la informaci\u00f3n. Entonces lo examinaremos lo antes posible. Por favor, env\u00ede su duda por [&hellip;]<\/p>\n","protected":false},"author":1,"featured_media":0,"parent":0,"menu_order":0,"comment_status":"closed","ping_status":"closed","template":"","meta":{"footnotes":""},"class_list":["post-9288","page","type-page","status-publish","hentry"],"yoast_head":"<!-- This site is optimized with the Yoast SEO plugin v27.3 - https:\/\/yoast.com\/product\/yoast-seo-wordpress\/ -->\n<title>Aviso Legal - deltafunding<\/title>\n<meta name=\"robots\" content=\"index, follow, max-snippet:-1, max-image-preview:large, max-video-preview:-1\" \/>\n<link rel=\"canonical\" href=\"https:\/\/deltafunding.es\/en\/aviso-legal\/\" \/>\n<meta property=\"og:locale\" content=\"en_US\" \/>\n<meta property=\"og:type\" content=\"article\" \/>\n<meta property=\"og:title\" content=\"Aviso Legal - deltafunding\" \/>\n<meta property=\"og:description\" content=\"ALBERTO NOVILLO GARC\u00cdA se compromete a mantener este sitio web actualizado y preciso. Si, a pesar de todo, encontrara algo incorrecto o desactualizado, le agradecer\u00edamos que nos lo hiciera saber. Por favor, indique en qu\u00e9 parte del sitio web ha le\u00eddo la informaci\u00f3n. Entonces lo examinaremos lo antes posible. Por favor, env\u00ede su duda por [&hellip;]\" \/>\n<meta property=\"og:url\" content=\"https:\/\/deltafunding.es\/en\/aviso-legal\/\" \/>\n<meta property=\"og:site_name\" content=\"deltafunding\" \/>\n<meta property=\"article:modified_time\" content=\"2024-10-31T17:34:41+00:00\" \/>\n<meta name=\"twitter:card\" content=\"summary_large_image\" \/>\n<meta name=\"twitter:label1\" content=\"Est. reading time\" \/>\n\t<meta name=\"twitter:data1\" content=\"3 minutes\" \/>\n<script type=\"application\/ld+json\" class=\"yoast-schema-graph\">{\"@context\":\"https:\\\/\\\/schema.org\",\"@graph\":[{\"@type\":\"WebPage\",\"@id\":\"https:\\\/\\\/deltafunding.es\\\/aviso-legal\\\/\",\"url\":\"https:\\\/\\\/deltafunding.es\\\/aviso-legal\\\/\",\"name\":\"Aviso Legal - deltafunding\",\"isPartOf\":{\"@id\":\"https:\\\/\\\/deltafunding.es\\\/#website\"},\"datePublished\":\"2024-10-31T16:49:44+00:00\",\"dateModified\":\"2024-10-31T17:34:41+00:00\",\"breadcrumb\":{\"@id\":\"https:\\\/\\\/deltafunding.es\\\/aviso-legal\\\/#breadcrumb\"},\"inLanguage\":\"en-US\",\"potentialAction\":[{\"@type\":\"ReadAction\",\"target\":[\"https:\\\/\\\/deltafunding.es\\\/aviso-legal\\\/\"]}]},{\"@type\":\"BreadcrumbList\",\"@id\":\"https:\\\/\\\/deltafunding.es\\\/aviso-legal\\\/#breadcrumb\",\"itemListElement\":[{\"@type\":\"ListItem\",\"position\":1,\"name\":\"Portada\",\"item\":\"https:\\\/\\\/deltafunding.es\\\/\"},{\"@type\":\"ListItem\",\"position\":2,\"name\":\"Aviso Legal\"}]},{\"@type\":\"WebSite\",\"@id\":\"https:\\\/\\\/deltafunding.es\\\/#website\",\"url\":\"https:\\\/\\\/deltafunding.es\\\/\",\"name\":\"deltafunding\",\"description\":\"\",\"publisher\":{\"@id\":\"https:\\\/\\\/deltafunding.es\\\/#organization\"},\"potentialAction\":[{\"@type\":\"SearchAction\",\"target\":{\"@type\":\"EntryPoint\",\"urlTemplate\":\"https:\\\/\\\/deltafunding.es\\\/?s={search_term_string}\"},\"query-input\":{\"@type\":\"PropertyValueSpecification\",\"valueRequired\":true,\"valueName\":\"search_term_string\"}}],\"inLanguage\":\"en-US\"},{\"@type\":\"Organization\",\"@id\":\"https:\\\/\\\/deltafunding.es\\\/#organization\",\"name\":\"deltafunding\",\"url\":\"https:\\\/\\\/deltafunding.es\\\/\",\"logo\":{\"@type\":\"ImageObject\",\"inLanguage\":\"en-US\",\"@id\":\"https:\\\/\\\/deltafunding.es\\\/#\\\/schema\\\/logo\\\/image\\\/\",\"url\":\"https:\\\/\\\/deltafunding.es\\\/wp-content\\\/uploads\\\/2024\\\/10\\\/logo2-e1730310321623.png\",\"contentUrl\":\"https:\\\/\\\/deltafunding.es\\\/wp-content\\\/uploads\\\/2024\\\/10\\\/logo2-e1730310321623.png\",\"width\":2099,\"height\":1495,\"caption\":\"deltafunding\"},\"image\":{\"@id\":\"https:\\\/\\\/deltafunding.es\\\/#\\\/schema\\\/logo\\\/image\\\/\"}}]}<\/script>\n<!-- \/ Yoast SEO plugin. -->","yoast_head_json":{"title":"Aviso Legal - deltafunding","robots":{"index":"index","follow":"follow","max-snippet":"max-snippet:-1","max-image-preview":"max-image-preview:large","max-video-preview":"max-video-preview:-1"},"canonical":"https:\/\/deltafunding.es\/en\/aviso-legal\/","og_locale":"en_US","og_type":"article","og_title":"Aviso Legal - deltafunding","og_description":"ALBERTO NOVILLO GARC\u00cdA se compromete a mantener este sitio web actualizado y preciso. Si, a pesar de todo, encontrara algo incorrecto o desactualizado, le agradecer\u00edamos que nos lo hiciera saber. Por favor, indique en qu\u00e9 parte del sitio web ha le\u00eddo la informaci\u00f3n. Entonces lo examinaremos lo antes posible. Por favor, env\u00ede su duda por [&hellip;]","og_url":"https:\/\/deltafunding.es\/en\/aviso-legal\/","og_site_name":"deltafunding","article_modified_time":"2024-10-31T17:34:41+00:00","twitter_card":"summary_large_image","twitter_misc":{"Est. reading time":"3 minutes"},"schema":{"@context":"https:\/\/schema.org","@graph":[{"@type":"WebPage","@id":"https:\/\/deltafunding.es\/aviso-legal\/","url":"https:\/\/deltafunding.es\/aviso-legal\/","name":"Aviso Legal - deltafunding","isPartOf":{"@id":"https:\/\/deltafunding.es\/#website"},"datePublished":"2024-10-31T16:49:44+00:00","dateModified":"2024-10-31T17:34:41+00:00","breadcrumb":{"@id":"https:\/\/deltafunding.es\/aviso-legal\/#breadcrumb"},"inLanguage":"en-US","potentialAction":[{"@type":"ReadAction","target":["https:\/\/deltafunding.es\/aviso-legal\/"]}]},{"@type":"BreadcrumbList","@id":"https:\/\/deltafunding.es\/aviso-legal\/#breadcrumb","itemListElement":[{"@type":"ListItem","position":1,"name":"Portada","item":"https:\/\/deltafunding.es\/"},{"@type":"ListItem","position":2,"name":"Aviso Legal"}]},{"@type":"WebSite","@id":"https:\/\/deltafunding.es\/#website","url":"https:\/\/deltafunding.es\/","name":"deltafunding","description":"","publisher":{"@id":"https:\/\/deltafunding.es\/#organization"},"potentialAction":[{"@type":"SearchAction","target":{"@type":"EntryPoint","urlTemplate":"https:\/\/deltafunding.es\/?s={search_term_string}"},"query-input":{"@type":"PropertyValueSpecification","valueRequired":true,"valueName":"search_term_string"}}],"inLanguage":"en-US"},{"@type":"Organization","@id":"https:\/\/deltafunding.es\/#organization","name":"deltafunding","url":"https:\/\/deltafunding.es\/","logo":{"@type":"ImageObject","inLanguage":"en-US","@id":"https:\/\/deltafunding.es\/#\/schema\/logo\/image\/","url":"https:\/\/deltafunding.es\/wp-content\/uploads\/2024\/10\/logo2-e1730310321623.png","contentUrl":"https:\/\/deltafunding.es\/wp-content\/uploads\/2024\/10\/logo2-e1730310321623.png","width":2099,"height":1495,"caption":"deltafunding"},"image":{"@id":"https:\/\/deltafunding.es\/#\/schema\/logo\/image\/"}}]}},"_links":{"self":[{"href":"https:\/\/deltafunding.es\/en\/wp-json\/wp\/v2\/pages\/9288","targetHints":{"allow":["GET"]}}],"collection":[{"href":"https:\/\/deltafunding.es\/en\/wp-json\/wp\/v2\/pages"}],"about":[{"href":"https:\/\/deltafunding.es\/en\/wp-json\/wp\/v2\/types\/page"}],"author":[{"embeddable":true,"href":"https:\/\/deltafunding.es\/en\/wp-json\/wp\/v2\/users\/1"}],"replies":[{"embeddable":true,"href":"https:\/\/deltafunding.es\/en\/wp-json\/wp\/v2\/comments?post=9288"}],"version-history":[{"count":2,"href":"https:\/\/deltafunding.es\/en\/wp-json\/wp\/v2\/pages\/9288\/revisions"}],"predecessor-version":[{"id":9327,"href":"https:\/\/deltafunding.es\/en\/wp-json\/wp\/v2\/pages\/9288\/revisions\/9327"}],"wp:attachment":[{"href":"https:\/\/deltafunding.es\/en\/wp-json\/wp\/v2\/media?parent=9288"}],"curies":[{"name":"wp","href":"https:\/\/api.w.org\/{rel}","templated":true}]}}