{"id":457,"date":"2022-02-10T13:03:56","date_gmt":"2022-02-10T13:03:56","guid":{"rendered":"https:\/\/motivoweb.com\/zad\/?page_id=457"},"modified":"2024-11-04T08:22:46","modified_gmt":"2024-11-04T08:22:46","slug":"contacto","status":"publish","type":"page","link":"https:\/\/deltafunding.es\/en\/paginas\/contacto\/","title":{"rendered":"Contacto"},"content":{"rendered":"<div data-elementor-type=\"wp-page\" data-elementor-id=\"457\" class=\"elementor elementor-457\">\n\t\t\t\t\t\t<section class=\"elementor-section elementor-top-section elementor-element elementor-element-f830cc2 elementor-section-boxed elementor-section-height-default elementor-section-height-default\" data-id=\"f830cc2\" data-element_type=\"section\" data-e-type=\"section\">\n\t\t\t\t\t\t<div class=\"elementor-container elementor-column-gap-default\">\n\t\t\t\t\t<div class=\"elementor-column elementor-col-100 elementor-top-column elementor-element elementor-element-f29a4d1\" data-id=\"f29a4d1\" data-element_type=\"column\" data-e-type=\"column\">\n\t\t\t<div class=\"elementor-widget-wrap elementor-element-populated\">\n\t\t\t\t\t\t<section class=\"elementor-section elementor-inner-section elementor-element elementor-element-cfd4ab8 elementor-section-boxed elementor-section-height-default elementor-section-height-default\" data-id=\"cfd4ab8\" data-element_type=\"section\" data-e-type=\"section\">\n\t\t\t\t\t\t<div class=\"elementor-container elementor-column-gap-default\">\n\t\t\t\t\t<div class=\"elementor-column elementor-col-50 elementor-inner-column elementor-element elementor-element-59f59cc\" data-id=\"59f59cc\" data-element_type=\"column\" data-e-type=\"column\">\n\t\t\t<div class=\"elementor-widget-wrap elementor-element-populated\">\n\t\t\t\t\t\t<div class=\"elementor-element elementor-element-5b2fd59 elementor-widget elementor-widget-mo-heading-block\" data-id=\"5b2fd59\" data-element_type=\"widget\" data-e-type=\"widget\" data-widget_type=\"mo-heading-block.default\">\n\t\t\t\t<div class=\"elementor-widget-container\">\n\t\t\t\t\t<div class=\"mo-element-mo-heading-block mo-element\">   <div class=\"mo-title-box title-box-style-5 text-left\">\n      <div class=\"content-inner\">\n                     <h5 class=\"sub-title\" data-title=\"Contacta con nosotros\"><span>Contacta con nosotros<\/span><\/h5>\n           \n                     <h3 class=\"title\">Siempre estamos listos para ayudarte y responder tus preguntas.\n<\/h3>\n                              <div class=\"title-desc\">Si tienes un proyecto de I+D+i y buscas financiaci\u00f3n o asesor\u00eda, completa el formulario de contacto para una evaluaci\u00f3n inicial. Estaremos encantados de apoyarte en cada paso de tu camino hacia la innovaci\u00f3n.<\/div>\n               <\/div>\n   <\/div>\n   <div class=\"clearfix\"><\/div><\/div>\t\t\t\t<\/div>\n\t\t\t\t<\/div>\n\t\t\t\t<div class=\"elementor-element elementor-element-d59cb5a elementor-widget elementor-widget-spacer\" data-id=\"d59cb5a\" data-element_type=\"widget\" data-e-type=\"widget\" data-widget_type=\"spacer.default\">\n\t\t\t\t<div class=\"elementor-widget-container\">\n\t\t\t\t\t\t\t<div class=\"elementor-spacer\">\n\t\t\t<div class=\"elementor-spacer-inner\"><\/div>\n\t\t<\/div>\n\t\t\t\t\t\t<\/div>\n\t\t\t\t<\/div>\n\t\t\t\t\t<\/div>\n\t\t<\/div>\n\t\t\t\t<div class=\"elementor-column elementor-col-50 elementor-inner-column elementor-element elementor-element-342e997\" data-id=\"342e997\" data-element_type=\"column\" data-e-type=\"column\">\n\t\t\t<div class=\"elementor-widget-wrap elementor-element-populated\">\n\t\t\t\t\t\t<div class=\"elementor-element elementor-element-9b243be elementor-widget elementor-widget-text-editor\" data-id=\"9b243be\" data-element_type=\"widget\" data-e-type=\"widget\" data-widget_type=\"text-editor.default\">\n\t\t\t\t<div class=\"elementor-widget-container\">\n\t\t\t\t\t\t\t\t\t<p>\n<div class=\"wpcf7 no-js\" id=\"wpcf7-f106-o1\" lang=\"en-US\" dir=\"ltr\" data-wpcf7-id=\"106\">\n<div class=\"screen-reader-response\"><p role=\"status\" aria-live=\"polite\" aria-atomic=\"true\"><\/p> <ul><\/ul><\/div>\n<form action=\"\/en\/wp-json\/wp\/v2\/pages\/457#wpcf7-f106-o1\" method=\"post\" class=\"wpcf7-form init\" aria-label=\"Contact form\" novalidate=\"novalidate\" data-status=\"init\" data-trp-original-action=\"\/en\/wp-json\/wp\/v2\/pages\/457#wpcf7-f106-o1\">\n<fieldset class=\"hidden-fields-container\"><input type=\"hidden\" name=\"_wpcf7\" value=\"106\" \/><input type=\"hidden\" name=\"_wpcf7_version\" value=\"6.1.5\" \/><input type=\"hidden\" name=\"_wpcf7_locale\" value=\"en_US\" \/><input type=\"hidden\" name=\"_wpcf7_unit_tag\" value=\"wpcf7-f106-o1\" \/><input type=\"hidden\" name=\"_wpcf7_container_post\" value=\"0\" \/><input type=\"hidden\" name=\"_wpcf7_posted_data_hash\" value=\"\" \/>\n<\/fieldset>\n<div class=\"row\">\n\t<div class=\"col-sm-6 col-xs-6 input sm-margin\">\n\t\t<p><label> Nombre (requerido)<br \/>\n<span class=\"wpcf7-form-control-wrap\" data-name=\"your-name\"><input size=\"40\" maxlength=\"400\" class=\"wpcf7-form-control wpcf7-text wpcf7-validates-as-required input_field_grey\" aria-required=\"true\" aria-invalid=\"false\" value=\"\" type=\"text\" name=\"your-name\" \/><\/span><\/label>\n\t\t<\/p>\n\t<\/div>\n\t<div class=\"col-sm-6 col-xs-6 input sm-margin\">\n\t\t<p><label> Email (requerido)<br \/>\n<span class=\"wpcf7-form-control-wrap\" data-name=\"your-email\"><input size=\"40\" maxlength=\"400\" class=\"wpcf7-form-control wpcf7-email wpcf7-validates-as-required wpcf7-text wpcf7-validates-as-email input_field_grey\" aria-required=\"true\" aria-invalid=\"false\" value=\"\" type=\"email\" name=\"your-email\" \/><\/span><\/label>\n\t\t<\/p>\n\t<\/div>\n\t<div class=\"col-sm-6 col-xs-6 input sm-margin\">\n\t\t<p><label> T\u00e9lefono (opcional)<br \/>\n<span class=\"wpcf7-form-control-wrap\" data-name=\"tel-476\"><input size=\"40\" maxlength=\"400\" class=\"wpcf7-form-control wpcf7-tel wpcf7-text wpcf7-validates-as-tel input_field_grey\" aria-invalid=\"false\" value=\"\" type=\"tel\" name=\"tel-476\" \/><\/span><\/label>\n\t\t<\/p>\n\t<\/div>\n\t<div class=\"col-sm-12 input\">\n\t\t<p><label> Tu Mensaje<br \/>\n<span class=\"wpcf7-form-control-wrap\" data-name=\"your-message\"><textarea cols=\"40\" rows=\"8\" maxlength=\"2000\" class=\"wpcf7-form-control wpcf7-textarea input_field_grey\" id=\"your-message\" aria-invalid=\"false\" placeholder=\"\" name=\"your-message\"><\/textarea><\/span><\/label>\n\t\t<\/p>\n\t<\/div>\n\t<div class=\"col-sm-12 sm-margin\">\n\t\t<p><input class=\"wpcf7-form-control wpcf7-submit has-spinner center bg-gradient radius0\" type=\"submit\" value=\"Enviar\" \/>\n\t\t<\/p>\n\t<\/div>\n<\/div><div class=\"wpcf7-response-output\" aria-hidden=\"true\"><\/div>\n<input type=\"hidden\" name=\"trp-form-language\" value=\"en\"\/><\/form>\n<\/div>\n<\/p><p>\u00a0<\/p>\t\t\t\t\t\t\t\t<\/div>\n\t\t\t\t<\/div>\n\t\t\t\t\t<\/div>\n\t\t<\/div>\n\t\t\t\t\t<\/div>\n\t\t<\/section>\n\t\t\t\t\t<\/div>\n\t\t<\/div>\n\t\t\t\t\t<\/div>\n\t\t<\/section>\n\t\t<div class=\"elementor-element elementor-element-626f5c2 e-con-full e-flex e-con e-parent\" data-id=\"626f5c2\" data-element_type=\"container\" data-e-type=\"container\">\n\t\t\t\t<div class=\"elementor-element elementor-element-cc9aca2 elementor-widget elementor-widget-html\" data-id=\"cc9aca2\" data-element_type=\"widget\" data-e-type=\"widget\" data-widget_type=\"html.default\">\n\t\t\t\t<div class=\"elementor-widget-container\">\n\t\t\t\t\t<iframe src=\"https:\/\/www.google.com\/maps\/embed?pb=!1m18!1m12!1m3!1d3035.636107780597!2d-3.863073287205743!3d40.46119035281112!2m3!1f0!2f0!3f0!3m2!1i1024!2i768!4f13.1!3m3!1m2!1s0xd4184597ff108e7%3A0x7645ae14a8d0be32!2sC.%20Moreras%2C%2031%2C%203a%2C%2028221%20Majadahonda%2C%20Madrid!5e0!3m2!1ses!2ses!4v1730708393281!5m2!1ses!2ses\" width=\"600\" height=\"450\" style=\"border:0;\" allowfullscreen=\"\" loading=\"lazy\" referrerpolicy=\"no-referrer-when-downgrade\"><\/iframe>\t\t\t\t<\/div>\n\t\t\t\t<\/div>\n\t\t\t\t<\/div>\n\t\t\t\t<\/div>","protected":false},"excerpt":{"rendered":"<p>Contacta con nosotros Siempre estamos listos para ayudarte y responder tus preguntas. Si tienes un proyecto de I+D+i y buscas financiaci\u00f3n o asesor\u00eda, completa el formulario de contacto para una evaluaci\u00f3n inicial. Estaremos encantados de apoyarte en cada paso de tu camino hacia la innovaci\u00f3n. \u00a0<\/p>","protected":false},"author":1,"featured_media":0,"parent":400,"menu_order":0,"comment_status":"closed","ping_status":"closed","template":"","meta":{"footnotes":""},"class_list":["post-457","page","type-page","status-publish","hentry"],"yoast_head":"<!-- This site is optimized with the Yoast SEO plugin v27.3 - https:\/\/yoast.com\/product\/yoast-seo-wordpress\/ -->\n<title>Contacto - deltafunding<\/title>\n<meta name=\"robots\" content=\"index, follow, max-snippet:-1, max-image-preview:large, max-video-preview:-1\" \/>\n<link rel=\"canonical\" href=\"https:\/\/deltafunding.es\/en\/paginas\/contacto\/\" \/>\n<meta property=\"og:locale\" content=\"en_US\" \/>\n<meta property=\"og:type\" content=\"article\" \/>\n<meta property=\"og:title\" content=\"Contacto - deltafunding\" \/>\n<meta property=\"og:description\" content=\"Contacta con nosotros Siempre estamos listos para ayudarte y responder tus preguntas. Si tienes un proyecto de I+D+i y buscas financiaci\u00f3n o asesor\u00eda, completa el formulario de contacto para una evaluaci\u00f3n inicial. Estaremos encantados de apoyarte en cada paso de tu camino hacia la innovaci\u00f3n. \u00a0\" \/>\n<meta property=\"og:url\" content=\"https:\/\/deltafunding.es\/en\/paginas\/contacto\/\" \/>\n<meta property=\"og:site_name\" content=\"deltafunding\" \/>\n<meta property=\"article:modified_time\" content=\"2024-11-04T08:22:46+00:00\" \/>\n<meta name=\"twitter:card\" content=\"summary_large_image\" \/>\n<meta name=\"twitter:label1\" content=\"Est. reading time\" \/>\n\t<meta name=\"twitter:data1\" content=\"1 minute\" \/>\n<script type=\"application\/ld+json\" class=\"yoast-schema-graph\">{\"@context\":\"https:\\\/\\\/schema.org\",\"@graph\":[{\"@type\":\"WebPage\",\"@id\":\"https:\\\/\\\/deltafunding.es\\\/paginas\\\/contacto\\\/\",\"url\":\"https:\\\/\\\/deltafunding.es\\\/paginas\\\/contacto\\\/\",\"name\":\"Contacto - deltafunding\",\"isPartOf\":{\"@id\":\"https:\\\/\\\/deltafunding.es\\\/#website\"},\"datePublished\":\"2022-02-10T13:03:56+00:00\",\"dateModified\":\"2024-11-04T08:22:46+00:00\",\"breadcrumb\":{\"@id\":\"https:\\\/\\\/deltafunding.es\\\/paginas\\\/contacto\\\/#breadcrumb\"},\"inLanguage\":\"en-US\",\"potentialAction\":[{\"@type\":\"ReadAction\",\"target\":[\"https:\\\/\\\/deltafunding.es\\\/paginas\\\/contacto\\\/\"]}]},{\"@type\":\"BreadcrumbList\",\"@id\":\"https:\\\/\\\/deltafunding.es\\\/paginas\\\/contacto\\\/#breadcrumb\",\"itemListElement\":[{\"@type\":\"ListItem\",\"position\":1,\"name\":\"Portada\",\"item\":\"https:\\\/\\\/deltafunding.es\\\/\"},{\"@type\":\"ListItem\",\"position\":2,\"name\":\"Paginas\",\"item\":\"https:\\\/\\\/deltafunding.es\\\/paginas\\\/\"},{\"@type\":\"ListItem\",\"position\":3,\"name\":\"Contacto\"}]},{\"@type\":\"WebSite\",\"@id\":\"https:\\\/\\\/deltafunding.es\\\/#website\",\"url\":\"https:\\\/\\\/deltafunding.es\\\/\",\"name\":\"deltafunding\",\"description\":\"\",\"publisher\":{\"@id\":\"https:\\\/\\\/deltafunding.es\\\/#organization\"},\"potentialAction\":[{\"@type\":\"SearchAction\",\"target\":{\"@type\":\"EntryPoint\",\"urlTemplate\":\"https:\\\/\\\/deltafunding.es\\\/?s={search_term_string}\"},\"query-input\":{\"@type\":\"PropertyValueSpecification\",\"valueRequired\":true,\"valueName\":\"search_term_string\"}}],\"inLanguage\":\"en-US\"},{\"@type\":\"Organization\",\"@id\":\"https:\\\/\\\/deltafunding.es\\\/#organization\",\"name\":\"deltafunding\",\"url\":\"https:\\\/\\\/deltafunding.es\\\/\",\"logo\":{\"@type\":\"ImageObject\",\"inLanguage\":\"en-US\",\"@id\":\"https:\\\/\\\/deltafunding.es\\\/#\\\/schema\\\/logo\\\/image\\\/\",\"url\":\"https:\\\/\\\/deltafunding.es\\\/wp-content\\\/uploads\\\/2024\\\/10\\\/logo2-e1730310321623.png\",\"contentUrl\":\"https:\\\/\\\/deltafunding.es\\\/wp-content\\\/uploads\\\/2024\\\/10\\\/logo2-e1730310321623.png\",\"width\":2099,\"height\":1495,\"caption\":\"deltafunding\"},\"image\":{\"@id\":\"https:\\\/\\\/deltafunding.es\\\/#\\\/schema\\\/logo\\\/image\\\/\"}}]}<\/script>\n<!-- \/ Yoast SEO plugin. -->","yoast_head_json":{"title":"Contacto - deltafunding","robots":{"index":"index","follow":"follow","max-snippet":"max-snippet:-1","max-image-preview":"max-image-preview:large","max-video-preview":"max-video-preview:-1"},"canonical":"https:\/\/deltafunding.es\/en\/paginas\/contacto\/","og_locale":"en_US","og_type":"article","og_title":"Contacto - deltafunding","og_description":"Contacta con nosotros Siempre estamos listos para ayudarte y responder tus preguntas. Si tienes un proyecto de I+D+i y buscas financiaci\u00f3n o asesor\u00eda, completa el formulario de contacto para una evaluaci\u00f3n inicial. Estaremos encantados de apoyarte en cada paso de tu camino hacia la innovaci\u00f3n. \u00a0","og_url":"https:\/\/deltafunding.es\/en\/paginas\/contacto\/","og_site_name":"deltafunding","article_modified_time":"2024-11-04T08:22:46+00:00","twitter_card":"summary_large_image","twitter_misc":{"Est. reading time":"1 minute"},"schema":{"@context":"https:\/\/schema.org","@graph":[{"@type":"WebPage","@id":"https:\/\/deltafunding.es\/paginas\/contacto\/","url":"https:\/\/deltafunding.es\/paginas\/contacto\/","name":"Contacto - deltafunding","isPartOf":{"@id":"https:\/\/deltafunding.es\/#website"},"datePublished":"2022-02-10T13:03:56+00:00","dateModified":"2024-11-04T08:22:46+00:00","breadcrumb":{"@id":"https:\/\/deltafunding.es\/paginas\/contacto\/#breadcrumb"},"inLanguage":"en-US","potentialAction":[{"@type":"ReadAction","target":["https:\/\/deltafunding.es\/paginas\/contacto\/"]}]},{"@type":"BreadcrumbList","@id":"https:\/\/deltafunding.es\/paginas\/contacto\/#breadcrumb","itemListElement":[{"@type":"ListItem","position":1,"name":"Portada","item":"https:\/\/deltafunding.es\/"},{"@type":"ListItem","position":2,"name":"Paginas","item":"https:\/\/deltafunding.es\/paginas\/"},{"@type":"ListItem","position":3,"name":"Contacto"}]},{"@type":"WebSite","@id":"https:\/\/deltafunding.es\/#website","url":"https:\/\/deltafunding.es\/","name":"deltafunding","description":"","publisher":{"@id":"https:\/\/deltafunding.es\/#organization"},"potentialAction":[{"@type":"SearchAction","target":{"@type":"EntryPoint","urlTemplate":"https:\/\/deltafunding.es\/?s={search_term_string}"},"query-input":{"@type":"PropertyValueSpecification","valueRequired":true,"valueName":"search_term_string"}}],"inLanguage":"en-US"},{"@type":"Organization","@id":"https:\/\/deltafunding.es\/#organization","name":"deltafunding","url":"https:\/\/deltafunding.es\/","logo":{"@type":"ImageObject","inLanguage":"en-US","@id":"https:\/\/deltafunding.es\/#\/schema\/logo\/image\/","url":"https:\/\/deltafunding.es\/wp-content\/uploads\/2024\/10\/logo2-e1730310321623.png","contentUrl":"https:\/\/deltafunding.es\/wp-content\/uploads\/2024\/10\/logo2-e1730310321623.png","width":2099,"height":1495,"caption":"deltafunding"},"image":{"@id":"https:\/\/deltafunding.es\/#\/schema\/logo\/image\/"}}]}},"_links":{"self":[{"href":"https:\/\/deltafunding.es\/en\/wp-json\/wp\/v2\/pages\/457","targetHints":{"allow":["GET"]}}],"collection":[{"href":"https:\/\/deltafunding.es\/en\/wp-json\/wp\/v2\/pages"}],"about":[{"href":"https:\/\/deltafunding.es\/en\/wp-json\/wp\/v2\/types\/page"}],"author":[{"embeddable":true,"href":"https:\/\/deltafunding.es\/en\/wp-json\/wp\/v2\/users\/1"}],"replies":[{"embeddable":true,"href":"https:\/\/deltafunding.es\/en\/wp-json\/wp\/v2\/comments?post=457"}],"version-history":[{"count":12,"href":"https:\/\/deltafunding.es\/en\/wp-json\/wp\/v2\/pages\/457\/revisions"}],"predecessor-version":[{"id":9360,"href":"https:\/\/deltafunding.es\/en\/wp-json\/wp\/v2\/pages\/457\/revisions\/9360"}],"up":[{"embeddable":true,"href":"https:\/\/deltafunding.es\/en\/wp-json\/wp\/v2\/pages\/400"}],"wp:attachment":[{"href":"https:\/\/deltafunding.es\/en\/wp-json\/wp\/v2\/media?parent=457"}],"curies":[{"name":"wp","href":"https:\/\/api.w.org\/{rel}","templated":true}]}}