{"id":306,"date":"2022-02-09T20:29:27","date_gmt":"2022-02-09T20:29:27","guid":{"rendered":"https:\/\/motivoweb.com\/zad\/?page_id=306"},"modified":"2024-10-31T16:20:54","modified_gmt":"2024-10-31T16:20:54","slug":"blog","status":"publish","type":"page","link":"https:\/\/deltafunding.es\/en\/blog1\/blog\/","title":{"rendered":"Blog"},"content":{"rendered":"<div data-elementor-type=\"wp-page\" data-elementor-id=\"306\" class=\"elementor elementor-306\">\n\t\t\t\t\t\t<section class=\"elementor-section elementor-top-section elementor-element elementor-element-5b4da4e elementor-section-stretched elementor-section-boxed elementor-section-height-default elementor-section-height-default\" data-id=\"5b4da4e\" data-element_type=\"section\" data-e-type=\"section\" data-settings=\"{&quot;stretch_section&quot;:&quot;section-stretched&quot;}\">\n\t\t\t\t\t\t<div class=\"elementor-container elementor-column-gap-default\">\n\t\t\t\t\t<div class=\"elementor-column elementor-col-100 elementor-top-column elementor-element elementor-element-72a3212\" data-id=\"72a3212\" data-element_type=\"column\" data-e-type=\"column\">\n\t\t\t<div class=\"elementor-widget-wrap elementor-element-populated\">\n\t\t\t\t\t\t<div class=\"elementor-element elementor-element-43d58b4 elementor-widget elementor-widget-mo-heading-block\" data-id=\"43d58b4\" data-element_type=\"widget\" data-e-type=\"widget\" data-widget_type=\"mo-heading-block.default\">\n\t\t\t\t<div class=\"elementor-widget-container\">\n\t\t\t\t\t<div class=\"mo-element-mo-heading-block mo-element\">   <div class=\"mo-title-box title-box-style-3 text-left\">\n      <div class=\"content-inner\">\n                     <h5 class=\"sub-title\" data-title=\"NUESTRAS PUBLICACIONES RECIENTES\"><span>NUESTRAS PUBLICACIONES RECIENTES<\/span><\/h5>\n           \n                     <h3 class=\"title\">Todo sobre el mundo empresarial en un solo lugar.<\/h3>\n                              <div class=\"title-desc\">\u00bfCu\u00e1l es nuestra opini\u00f3n sobre las \u00faltimas noticias y art\u00edculos? Nuestros servicios de consultor\u00eda comienzan y terminan con una estrategia de experiencia de primera clase que construye marcas.<\/div>\n               <\/div>\n   <\/div>\n   <div class=\"clearfix\"><\/div><\/div>\t\t\t\t<\/div>\n\t\t\t\t<\/div>\n\t\t\t\t<div class=\"elementor-element elementor-element-5f472c8 elementor-widget elementor-widget-mo-posts\" data-id=\"5f472c8\" data-element_type=\"widget\" data-e-type=\"widget\" data-widget_type=\"mo-posts.default\">\n\t\t\t\t<div class=\"elementor-widget-container\">\n\t\t\t\t\t<div class=\"mo-element-mo-posts mo-element\"><div class=\"mo-posts-grid clearfix mo-posts\">\n  <div class=\"mo-content-items\"> \n    <div class=\"lg-block-grid-3 md-block-grid-3 sm-block-grid-2 xs-block-grid-1 xx-block-grid-1\">\n    <div id=\"post-95\" class=\"post-95 post type-post status-publish format-standard has-post-thumbnail hentry category-tecnologia tag-blog tag-business tag-digital tag-envato tag-services tag-web tag-wordpress\">\n\t<div class=\"grid-mid-post\">\n\t<div class=\"format-post\">\n\t\t\t<figure>\n\t\t\t\t<a class=\"arrow-post\" href=\"https:\/\/deltafunding.es\/en\/digital-innovation-in-the-banking-sector\/\"> <span><\/span><\/a>\n\t\t\t\t<a href=\"https:\/\/deltafunding.es\/en\/digital-innovation-in-the-banking-sector\/\"><img fetchpriority=\"high\" decoding=\"async\" width=\"280\" height=\"406\" src=\"https:\/\/deltafunding.es\/wp-content\/uploads\/2024\/02\/service23.jpg\" class=\"attachment-saga-small size-saga-small wp-post-image\" alt=\"\" srcset=\"https:\/\/deltafunding.es\/wp-content\/uploads\/2024\/02\/service23.jpg 280w, https:\/\/deltafunding.es\/wp-content\/uploads\/2024\/02\/service23-207x300.jpg 207w\" sizes=\"(max-width: 280px) 100vw, 280px\" \/><\/a>\n\t\t\t<\/figure>\n\t\t<div class=\"content-post\">\n\t\t    <a class=\"cat-name\" href=\"https:\/\/deltafunding.es\/en\/category\/tecnologia\/\">Tecnologia<\/a>\n\t\t\t<h3 class=\"post-title\"><a href=\"https:\/\/deltafunding.es\/en\/digital-innovation-in-the-banking-sector\/\"> El Supremo determina el car\u00e1cter vinculante para Hacienda del informe motivado emitido por el Ministerio de Ciencia para actividades de innovaci\u00f3n tecnol\u00f3gica.<\/a><\/h3>\n\t\t\t<ul class=\"meta-post\">\n\t\t\t\t<li class=\"date\">January 27, 2022<\/li>\n\t\t\t\t<li><div class=\"author\">fran1969fran<\/div><\/li>\n\t\t\t<\/ul>\n\t\t<\/div><\/div>\t<\/div>\n<\/div>       <div id=\"post-94\" class=\"post-94 post type-post status-publish format-standard has-post-thumbnail hentry category-design tag-blog tag-business tag-digital tag-web tag-wordpress\">\n\t<div class=\"grid-mid-post\">\n\t<div class=\"format-post\">\n\t\t\t<figure>\n\t\t\t\t<a class=\"arrow-post\" href=\"https:\/\/deltafunding.es\/en\/market-insights-to-manage-people-related-costs\/\"> <span><\/span><\/a>\n\t\t\t\t<a href=\"https:\/\/deltafunding.es\/en\/market-insights-to-manage-people-related-costs\/\"><img decoding=\"async\" width=\"720\" height=\"520\" src=\"https:\/\/deltafunding.es\/wp-content\/uploads\/2023\/09\/post02-720x520.jpg\" class=\"attachment-saga-small size-saga-small wp-post-image\" alt=\"\" \/><\/a>\n\t\t\t<\/figure>\n\t\t<div class=\"content-post\">\n\t\t    <a class=\"cat-name\" href=\"https:\/\/deltafunding.es\/en\/category\/design\/\">Design<\/a>\n\t\t\t<h3 class=\"post-title\"><a href=\"https:\/\/deltafunding.es\/en\/market-insights-to-manage-people-related-costs\/\"> Nueva oferta de consultor\u00eda para todo tipo de financiaci\u00f3n empresarial<\/a><\/h3>\n\t\t\t<ul class=\"meta-post\">\n\t\t\t\t<li class=\"date\">January 27, 2022<\/li>\n\t\t\t\t<li><div class=\"author\">fran1969fran<\/div><\/li>\n\t\t\t<\/ul>\n\t\t<\/div><\/div>\t<\/div>\n<\/div>       <div id=\"post-93\" class=\"post-93 post type-post status-publish format-standard has-post-thumbnail hentry category-marketing tag-blog tag-business tag-digital tag-web tag-wordpress\">\n\t<div class=\"grid-mid-post\">\n\t<div class=\"format-post\">\n\t\t\t<figure>\n\t\t\t\t<a class=\"arrow-post\" href=\"https:\/\/deltafunding.es\/en\/ux-design-is-one-of-the-most-rapidly-developing\/\"> <span><\/span><\/a>\n\t\t\t\t<a href=\"https:\/\/deltafunding.es\/en\/ux-design-is-one-of-the-most-rapidly-developing\/\"><img decoding=\"async\" width=\"720\" height=\"520\" src=\"https:\/\/deltafunding.es\/wp-content\/uploads\/2023\/09\/post06-720x520.jpg\" class=\"attachment-saga-small size-saga-small wp-post-image\" alt=\"\" \/><\/a>\n\t\t\t<\/figure>\n\t\t<div class=\"content-post\">\n\t\t    <a class=\"cat-name\" href=\"https:\/\/deltafunding.es\/en\/category\/marketing\/\">Marketing<\/a>\n\t\t\t<h3 class=\"post-title\"><a href=\"https:\/\/deltafunding.es\/en\/ux-design-is-one-of-the-most-rapidly-developing\/\"> Nueva oferta de consultor\u00eda para todo tipo de financiaci\u00f3n empresarial<\/a><\/h3>\n\t\t\t<ul class=\"meta-post\">\n\t\t\t\t<li class=\"date\">January 27, 2022<\/li>\n\t\t\t\t<li><div class=\"author\">fran1969fran<\/div><\/li>\n\t\t\t<\/ul>\n\t\t<\/div><\/div>\t<\/div>\n<\/div>       <div id=\"post-92\" class=\"post-92 post type-post status-publish format-standard has-post-thumbnail hentry category-business category-quick-tips tag-blog tag-business tag-digital tag-web tag-wordpress\">\n\t<div class=\"grid-mid-post\">\n\t<div class=\"format-post\">\n\t\t\t<figure>\n\t\t\t\t<a class=\"arrow-post\" href=\"https:\/\/deltafunding.es\/en\/unboxing-the-phone-is-this-the-future-of-phones\/\"> <span><\/span><\/a>\n\t\t\t\t<a href=\"https:\/\/deltafunding.es\/en\/unboxing-the-phone-is-this-the-future-of-phones\/\"><img loading=\"lazy\" decoding=\"async\" width=\"720\" height=\"520\" src=\"https:\/\/deltafunding.es\/wp-content\/uploads\/2023\/09\/post07-720x520.jpg\" class=\"attachment-saga-small size-saga-small wp-post-image\" alt=\"\" \/><\/a>\n\t\t\t<\/figure>\n\t\t<div class=\"content-post\">\n\t\t    <a class=\"cat-name\" href=\"https:\/\/deltafunding.es\/en\/category\/business\/\">Business<\/a>\n\t\t\t<h3 class=\"post-title\"><a href=\"https:\/\/deltafunding.es\/en\/unboxing-the-phone-is-this-the-future-of-phones\/\"> Hacerlo bien es la estrategia ganadora para una consultora.<\/a><\/h3>\n\t\t\t<ul class=\"meta-post\">\n\t\t\t\t<li class=\"date\">January 27, 2022<\/li>\n\t\t\t\t<li><div class=\"author\">fran1969fran<\/div><\/li>\n\t\t\t<\/ul>\n\t\t<\/div><\/div>\t<\/div>\n<\/div>           <\/div>\n  <\/div>\n        <div class=\"pagination\">\n                <\/div>\n  <\/div>\n<\/div>\t\t\t\t<\/div>\n\t\t\t\t<\/div>\n\t\t\t\t\t<\/div>\n\t\t<\/div>\n\t\t\t\t\t<\/div>\n\t\t<\/section>\n\t\t\t\t<section class=\"elementor-section elementor-top-section elementor-element elementor-element-1fefa1e elementor-section-full_width elementor-section-stretched elementor-section-height-default elementor-section-height-default\" data-id=\"1fefa1e\" data-element_type=\"section\" data-e-type=\"section\" data-settings=\"{&quot;stretch_section&quot;:&quot;section-stretched&quot;}\">\n\t\t\t\t\t\t<div class=\"elementor-container elementor-column-gap-default\">\n\t\t\t\t\t<div class=\"elementor-column elementor-col-100 elementor-top-column elementor-element elementor-element-d555218\" data-id=\"d555218\" data-element_type=\"column\" data-e-type=\"column\" data-settings=\"{&quot;background_background&quot;:&quot;classic&quot;}\">\n\t\t\t<div class=\"elementor-widget-wrap elementor-element-populated\">\n\t\t\t\t\t\t<section class=\"elementor-section elementor-inner-section elementor-element elementor-element-5dab2e0 elementor-section-boxed elementor-section-height-default elementor-section-height-default\" data-id=\"5dab2e0\" data-element_type=\"section\" data-e-type=\"section\" data-settings=\"{&quot;background_background&quot;:&quot;classic&quot;}\">\n\t\t\t\t\t\t<div class=\"elementor-container elementor-column-gap-default\">\n\t\t\t\t\t<div class=\"elementor-column elementor-col-33 elementor-inner-column elementor-element elementor-element-48a8233\" data-id=\"48a8233\" data-element_type=\"column\" data-e-type=\"column\" data-settings=\"{&quot;background_background&quot;:&quot;classic&quot;}\">\n\t\t\t<div class=\"elementor-widget-wrap\">\n\t\t\t\t\t\t\t<\/div>\n\t\t<\/div>\n\t\t\t\t<div class=\"elementor-column elementor-col-33 elementor-inner-column elementor-element elementor-element-1a4fad7\" data-id=\"1a4fad7\" data-element_type=\"column\" data-e-type=\"column\" data-settings=\"{&quot;background_background&quot;:&quot;classic&quot;}\">\n\t\t\t<div class=\"elementor-widget-wrap elementor-element-populated\">\n\t\t\t\t\t\t<div class=\"elementor-element elementor-element-1ba1544 elementor-widget elementor-widget-spacer\" data-id=\"1ba1544\" data-element_type=\"widget\" data-e-type=\"widget\" data-widget_type=\"spacer.default\">\n\t\t\t\t<div class=\"elementor-widget-container\">\n\t\t\t\t\t\t\t<div class=\"elementor-spacer\">\n\t\t\t<div class=\"elementor-spacer-inner\"><\/div>\n\t\t<\/div>\n\t\t\t\t\t\t<\/div>\n\t\t\t\t<\/div>\n\t\t\t\t<div class=\"elementor-element elementor-element-590f94b elementor-widget elementor-widget-mo-heading-fancy mo-el-has-inner-anim\" data-id=\"590f94b\" data-element_type=\"widget\" data-e-type=\"widget\" data-settings=\"{&quot;enable_split&quot;:&quot;true&quot;,&quot;split_type&quot;:&quot;words&quot;}\" data-widget_type=\"mo-heading-fancy.default\">\n\t\t\t\t<div class=\"elementor-widget-container\">\n\t\t\t\t\t<div class=\"mo-element-mo-heading-fancy mo-element\"><div id=\"mo-heading-fancy-69d51573cb9fb\" class=\"mo-heading-fancy\">\n      <h3 class=\"mo-element elementor-heading-title mo-highlight-style2 mo-split-words\" ><a href=\"https:\/\/deltafunding.es\/en\/paginas\/contacto\/\"  target=\"_self\"  data-ca-options='{\"triggerHandler\":\"inview\",\"animationTarget\":\".split-inner\",\"duration\":\"1200\",\"startDelay\":\"35\",\"delay\":\"120\",\"easing\":\"easeInQuad\",\"direction\":\"forward\",\"initValues\":{\"translateY\":16,\"opacity\":0},\"animations\":{\"translateY\":0,\"opacity\":1}}' data-split-text=\"true\" data-custom-animations=\"true\" data-fittext=\"true\" data-text-rotator=\"true\"> Empecemos a trabajar juntos\n <mark class=\"mo-highlight\"><span class=\"mo-highlight-txt\"><svg class=\"mo-highlight-style2\" width=\"233\" height=\"13\" viewbox=\"0 0 233 13\" xmlns=\"http:\/\/www.w3.org\/2000\/svg\" aria-hidden=\"true\" preserveaspectratio=\"none\"><path d=\"m.624 9.414-.312-2.48C0 4.454.001 4.454.002 4.454l.035-.005.102-.013.398-.047c.351-.042.872-.102 1.557-.179 1.37-.152 3.401-.368 6.05-.622C13.44 3.081 21.212 2.42 31.13 1.804 50.966.572 79.394-.48 113.797.24c34.387.717 63.927 2.663 84.874 4.429a1048.61 1048.61 0 0 1 24.513 2.34 641.605 641.605 0 0 1 8.243.944l.432.054.149.02-.318 2.479-.319 2.48-.137-.018c-.094-.012-.234-.03-.421-.052a634.593 634.593 0 0 0-8.167-.936 1043.26 1043.26 0 0 0-24.395-2.329c-20.864-1.76-50.296-3.697-84.558-4.413-34.246-.714-62.535.332-82.253 1.556-9.859.612-17.574 1.269-22.82 1.772-2.622.251-4.627.464-5.973.614a213.493 213.493 0 0 0-1.901.22l-.094.01-.028.004Z\"\/><\/svg>Ponte en contacto<\/span><\/mark> con nosotros \ud83d\udc4b<\/a><\/h3><\/div><\/div>\t\t\t\t<\/div>\n\t\t\t\t<\/div>\n\t\t\t\t<div class=\"elementor-element elementor-element-e820db5 elementor-widget elementor-widget-spacer\" data-id=\"e820db5\" data-element_type=\"widget\" data-e-type=\"widget\" data-widget_type=\"spacer.default\">\n\t\t\t\t<div class=\"elementor-widget-container\">\n\t\t\t\t\t\t\t<div class=\"elementor-spacer\">\n\t\t\t<div class=\"elementor-spacer-inner\"><\/div>\n\t\t<\/div>\n\t\t\t\t\t\t<\/div>\n\t\t\t\t<\/div>\n\t\t\t\t\t<\/div>\n\t\t<\/div>\n\t\t\t\t<div class=\"elementor-column elementor-col-33 elementor-inner-column elementor-element elementor-element-4379c9e\" data-id=\"4379c9e\" data-element_type=\"column\" data-e-type=\"column\" data-settings=\"{&quot;background_background&quot;:&quot;classic&quot;}\">\n\t\t\t<div class=\"elementor-widget-wrap\">\n\t\t\t\t\t\t\t<\/div>\n\t\t<\/div>\n\t\t\t\t\t<\/div>\n\t\t<\/section>\n\t\t\t\t\t<\/div>\n\t\t<\/div>\n\t\t\t\t\t<\/div>\n\t\t<\/section>\n\t\t\t\t<\/div>","protected":false},"excerpt":{"rendered":"<p>NUESTRAS PUBLICACIONES RECIENTES Todo sobre el mundo empresarial en un solo lugar. \u00bfCu\u00e1l es nuestra opini\u00f3n sobre las \u00faltimas noticias y art\u00edculos? Nuestros servicios de consultor\u00eda comienzan y terminan con una estrategia de experiencia de primera clase que construye marcas. Blog Hello world! octubre 25, 2024 fran1969fran Business A Business Consulting That Can Produce Anything. [&hellip;]<\/p>\n","protected":false},"author":1,"featured_media":0,"parent":304,"menu_order":0,"comment_status":"closed","ping_status":"closed","template":"","meta":{"footnotes":""},"class_list":["post-306","page","type-page","status-publish","hentry"],"yoast_head":"<!-- This site is optimized with the Yoast SEO plugin v27.3 - https:\/\/yoast.com\/product\/yoast-seo-wordpress\/ -->\n<title>Blog - deltafunding<\/title>\n<meta name=\"robots\" content=\"index, follow, max-snippet:-1, max-image-preview:large, max-video-preview:-1\" \/>\n<link rel=\"canonical\" href=\"https:\/\/deltafunding.es\/en\/blog1\/blog\/\" \/>\n<meta property=\"og:locale\" content=\"en_US\" \/>\n<meta property=\"og:type\" content=\"article\" \/>\n<meta property=\"og:title\" content=\"Blog - deltafunding\" \/>\n<meta property=\"og:description\" content=\"NUESTRAS PUBLICACIONES RECIENTES Todo sobre el mundo empresarial en un solo lugar. \u00bfCu\u00e1l es nuestra opini\u00f3n sobre las \u00faltimas noticias y art\u00edculos? Nuestros servicios de consultor\u00eda comienzan y terminan con una estrategia de experiencia de primera clase que construye marcas. Blog Hello world! octubre 25, 2024 fran1969fran Business A Business Consulting That Can Produce Anything. [&hellip;]\" \/>\n<meta property=\"og:url\" content=\"https:\/\/deltafunding.es\/en\/blog1\/blog\/\" \/>\n<meta property=\"og:site_name\" content=\"deltafunding\" \/>\n<meta property=\"article:modified_time\" content=\"2024-10-31T16:20:54+00:00\" \/>\n<meta property=\"og:image\" content=\"https:\/\/deltafunding.es\/wp-content\/uploads\/2023\/09\/post01-720x520.jpg\" \/>\n<meta name=\"twitter:card\" content=\"summary_large_image\" \/>\n<meta name=\"twitter:label1\" content=\"Est. reading time\" \/>\n\t<meta name=\"twitter:data1\" content=\"2 minutes\" \/>\n<script type=\"application\/ld+json\" class=\"yoast-schema-graph\">{\"@context\":\"https:\\\/\\\/schema.org\",\"@graph\":[{\"@type\":\"WebPage\",\"@id\":\"https:\\\/\\\/deltafunding.es\\\/blog1\\\/blog\\\/\",\"url\":\"https:\\\/\\\/deltafunding.es\\\/blog1\\\/blog\\\/\",\"name\":\"Blog - deltafunding\",\"isPartOf\":{\"@id\":\"https:\\\/\\\/deltafunding.es\\\/#website\"},\"primaryImageOfPage\":{\"@id\":\"https:\\\/\\\/deltafunding.es\\\/blog1\\\/blog\\\/#primaryimage\"},\"image\":{\"@id\":\"https:\\\/\\\/deltafunding.es\\\/blog1\\\/blog\\\/#primaryimage\"},\"thumbnailUrl\":\"https:\\\/\\\/deltafunding.es\\\/wp-content\\\/uploads\\\/2023\\\/09\\\/post01-720x520.jpg\",\"datePublished\":\"2022-02-09T20:29:27+00:00\",\"dateModified\":\"2024-10-31T16:20:54+00:00\",\"breadcrumb\":{\"@id\":\"https:\\\/\\\/deltafunding.es\\\/blog1\\\/blog\\\/#breadcrumb\"},\"inLanguage\":\"en-US\",\"potentialAction\":[{\"@type\":\"ReadAction\",\"target\":[\"https:\\\/\\\/deltafunding.es\\\/blog1\\\/blog\\\/\"]}]},{\"@type\":\"ImageObject\",\"inLanguage\":\"en-US\",\"@id\":\"https:\\\/\\\/deltafunding.es\\\/blog1\\\/blog\\\/#primaryimage\",\"url\":\"https:\\\/\\\/deltafunding.es\\\/wp-content\\\/uploads\\\/2023\\\/09\\\/post01-720x520.jpg\",\"contentUrl\":\"https:\\\/\\\/deltafunding.es\\\/wp-content\\\/uploads\\\/2023\\\/09\\\/post01-720x520.jpg\"},{\"@type\":\"BreadcrumbList\",\"@id\":\"https:\\\/\\\/deltafunding.es\\\/blog1\\\/blog\\\/#breadcrumb\",\"itemListElement\":[{\"@type\":\"ListItem\",\"position\":1,\"name\":\"Portada\",\"item\":\"https:\\\/\\\/deltafunding.es\\\/\"},{\"@type\":\"ListItem\",\"position\":2,\"name\":\"\u00a0Blog1\",\"item\":\"https:\\\/\\\/deltafunding.es\\\/blog1\\\/\"},{\"@type\":\"ListItem\",\"position\":3,\"name\":\"Blog\"}]},{\"@type\":\"WebSite\",\"@id\":\"https:\\\/\\\/deltafunding.es\\\/#website\",\"url\":\"https:\\\/\\\/deltafunding.es\\\/\",\"name\":\"deltafunding\",\"description\":\"\",\"publisher\":{\"@id\":\"https:\\\/\\\/deltafunding.es\\\/#organization\"},\"potentialAction\":[{\"@type\":\"SearchAction\",\"target\":{\"@type\":\"EntryPoint\",\"urlTemplate\":\"https:\\\/\\\/deltafunding.es\\\/?s={search_term_string}\"},\"query-input\":{\"@type\":\"PropertyValueSpecification\",\"valueRequired\":true,\"valueName\":\"search_term_string\"}}],\"inLanguage\":\"en-US\"},{\"@type\":\"Organization\",\"@id\":\"https:\\\/\\\/deltafunding.es\\\/#organization\",\"name\":\"deltafunding\",\"url\":\"https:\\\/\\\/deltafunding.es\\\/\",\"logo\":{\"@type\":\"ImageObject\",\"inLanguage\":\"en-US\",\"@id\":\"https:\\\/\\\/deltafunding.es\\\/#\\\/schema\\\/logo\\\/image\\\/\",\"url\":\"https:\\\/\\\/deltafunding.es\\\/wp-content\\\/uploads\\\/2024\\\/10\\\/logo2-e1730310321623.png\",\"contentUrl\":\"https:\\\/\\\/deltafunding.es\\\/wp-content\\\/uploads\\\/2024\\\/10\\\/logo2-e1730310321623.png\",\"width\":2099,\"height\":1495,\"caption\":\"deltafunding\"},\"image\":{\"@id\":\"https:\\\/\\\/deltafunding.es\\\/#\\\/schema\\\/logo\\\/image\\\/\"}}]}<\/script>\n<!-- \/ Yoast SEO plugin. -->","yoast_head_json":{"title":"Blog - deltafunding","robots":{"index":"index","follow":"follow","max-snippet":"max-snippet:-1","max-image-preview":"max-image-preview:large","max-video-preview":"max-video-preview:-1"},"canonical":"https:\/\/deltafunding.es\/en\/blog1\/blog\/","og_locale":"en_US","og_type":"article","og_title":"Blog - deltafunding","og_description":"NUESTRAS PUBLICACIONES RECIENTES Todo sobre el mundo empresarial en un solo lugar. \u00bfCu\u00e1l es nuestra opini\u00f3n sobre las \u00faltimas noticias y art\u00edculos? Nuestros servicios de consultor\u00eda comienzan y terminan con una estrategia de experiencia de primera clase que construye marcas. Blog Hello world! octubre 25, 2024 fran1969fran Business A Business Consulting That Can Produce Anything. [&hellip;]","og_url":"https:\/\/deltafunding.es\/en\/blog1\/blog\/","og_site_name":"deltafunding","article_modified_time":"2024-10-31T16:20:54+00:00","og_image":[{"url":"https:\/\/deltafunding.es\/wp-content\/uploads\/2023\/09\/post01-720x520.jpg","type":"","width":"","height":""}],"twitter_card":"summary_large_image","twitter_misc":{"Est. reading time":"2 minutes"},"schema":{"@context":"https:\/\/schema.org","@graph":[{"@type":"WebPage","@id":"https:\/\/deltafunding.es\/blog1\/blog\/","url":"https:\/\/deltafunding.es\/blog1\/blog\/","name":"Blog - deltafunding","isPartOf":{"@id":"https:\/\/deltafunding.es\/#website"},"primaryImageOfPage":{"@id":"https:\/\/deltafunding.es\/blog1\/blog\/#primaryimage"},"image":{"@id":"https:\/\/deltafunding.es\/blog1\/blog\/#primaryimage"},"thumbnailUrl":"https:\/\/deltafunding.es\/wp-content\/uploads\/2023\/09\/post01-720x520.jpg","datePublished":"2022-02-09T20:29:27+00:00","dateModified":"2024-10-31T16:20:54+00:00","breadcrumb":{"@id":"https:\/\/deltafunding.es\/blog1\/blog\/#breadcrumb"},"inLanguage":"en-US","potentialAction":[{"@type":"ReadAction","target":["https:\/\/deltafunding.es\/blog1\/blog\/"]}]},{"@type":"ImageObject","inLanguage":"en-US","@id":"https:\/\/deltafunding.es\/blog1\/blog\/#primaryimage","url":"https:\/\/deltafunding.es\/wp-content\/uploads\/2023\/09\/post01-720x520.jpg","contentUrl":"https:\/\/deltafunding.es\/wp-content\/uploads\/2023\/09\/post01-720x520.jpg"},{"@type":"BreadcrumbList","@id":"https:\/\/deltafunding.es\/blog1\/blog\/#breadcrumb","itemListElement":[{"@type":"ListItem","position":1,"name":"Portada","item":"https:\/\/deltafunding.es\/"},{"@type":"ListItem","position":2,"name":"\u00a0Blog1","item":"https:\/\/deltafunding.es\/blog1\/"},{"@type":"ListItem","position":3,"name":"Blog"}]},{"@type":"WebSite","@id":"https:\/\/deltafunding.es\/#website","url":"https:\/\/deltafunding.es\/","name":"deltafunding","description":"","publisher":{"@id":"https:\/\/deltafunding.es\/#organization"},"potentialAction":[{"@type":"SearchAction","target":{"@type":"EntryPoint","urlTemplate":"https:\/\/deltafunding.es\/?s={search_term_string}"},"query-input":{"@type":"PropertyValueSpecification","valueRequired":true,"valueName":"search_term_string"}}],"inLanguage":"en-US"},{"@type":"Organization","@id":"https:\/\/deltafunding.es\/#organization","name":"deltafunding","url":"https:\/\/deltafunding.es\/","logo":{"@type":"ImageObject","inLanguage":"en-US","@id":"https:\/\/deltafunding.es\/#\/schema\/logo\/image\/","url":"https:\/\/deltafunding.es\/wp-content\/uploads\/2024\/10\/logo2-e1730310321623.png","contentUrl":"https:\/\/deltafunding.es\/wp-content\/uploads\/2024\/10\/logo2-e1730310321623.png","width":2099,"height":1495,"caption":"deltafunding"},"image":{"@id":"https:\/\/deltafunding.es\/#\/schema\/logo\/image\/"}}]}},"_links":{"self":[{"href":"https:\/\/deltafunding.es\/en\/wp-json\/wp\/v2\/pages\/306","targetHints":{"allow":["GET"]}}],"collection":[{"href":"https:\/\/deltafunding.es\/en\/wp-json\/wp\/v2\/pages"}],"about":[{"href":"https:\/\/deltafunding.es\/en\/wp-json\/wp\/v2\/types\/page"}],"author":[{"embeddable":true,"href":"https:\/\/deltafunding.es\/en\/wp-json\/wp\/v2\/users\/1"}],"replies":[{"embeddable":true,"href":"https:\/\/deltafunding.es\/en\/wp-json\/wp\/v2\/comments?post=306"}],"version-history":[{"count":4,"href":"https:\/\/deltafunding.es\/en\/wp-json\/wp\/v2\/pages\/306\/revisions"}],"predecessor-version":[{"id":9245,"href":"https:\/\/deltafunding.es\/en\/wp-json\/wp\/v2\/pages\/306\/revisions\/9245"}],"up":[{"embeddable":true,"href":"https:\/\/deltafunding.es\/en\/wp-json\/wp\/v2\/pages\/304"}],"wp:attachment":[{"href":"https:\/\/deltafunding.es\/en\/wp-json\/wp\/v2\/media?parent=306"}],"curies":[{"name":"wp","href":"https:\/\/api.w.org\/{rel}","templated":true}]}}